{"id":375,"date":"2020-06-24T13:04:18","date_gmt":"2020-06-24T11:04:18","guid":{"rendered":"https:\/\/hhft.info\/2020\/?page_id=375"},"modified":"2024-06-11T09:55:26","modified_gmt":"2024-06-11T07:55:26","slug":"impressum","status":"publish","type":"page","link":"https:\/\/hhft.info\/2022\/impressum\/","title":{"rendered":"Impressum"},"content":{"rendered":"\n<p class=\"has-medium-font-size\"><strong>Impressum<\/strong><\/p>\n\n\n\n<p><strong>Veranstalter<\/strong><br>Angaben gem\u00e4\u00df \u00a7 5 TMG:<br>Filmladen Kassel e. V.<br>Goethestra\u00dfe 31<br>34119 Kassel<\/p>\n\n\n\n<p><strong>Vertreten durch:<\/strong><br>Irmhild Scheuer<\/p>\n\n\n\n<p><strong>Kontakt:<\/strong><br>Telefon: +49 (0) 5617076432<br>Telefax: +49 (0) 5617076433<br>E-Mail: dokfest@kasselerdokfest.de<\/p>\n\n\n\n<p><strong>Registereintrag:<\/strong><br>Eintragung im Vereinsregister.<br>Registergericht: Amtsgericht Kassel<br>Registernummer: VR 1591<\/p>\n\n\n\n<p><strong>Umsatzsteuer:<\/strong><br>Umsatzsteuer-Identifikationsnummer gem\u00e4\u00df \u00a727 a Umsatzsteuergesetz:<br>DE 113092689<\/p>\n\n\n\n<p><strong>Berufsbezeichnung und berufsrechtliche Regelungen<\/strong><br>Berufsbezeichnung: anderer Beruf<\/p>\n\n\n\n<p><strong>Verantwortlich f\u00fcr den Inhalt nach \u00a7 55 Abs. 2 RStV:<\/strong><br>Franziska Pappert, Husein Bastouni<\/p>\n\n\n\n<p><strong>Haftung f\u00fcr Inhalte<\/strong><br>Als Dienstanbieter sind wir gem\u00e4\u00df \u00a7 7 Abs.1 TMG f\u00fcr eigene Inhalte auf diesen Seiten nach den allgemeinen Gesetzen verantwortlich. Nach \u00a7\u00a7 8 bis 10 TMG sind wir als Dienstanbieter jedoch nicht verpflichtet, \u00fcbermittelte oder gespeicherte fremde Informationen zu \u00fcberwachen oder nach Umst\u00e4nden zu forschen, die auf eine rechtswidrige T\u00e4tigkeit hinweisen. Verpflichtungen zur Entfernung oder Sperrung der Nutzung von Informationen nach den allgemeinen Gesetzen bleiben hiervon unber\u00fchrt. Eine diesbez\u00fcgliche Haftung ist jedoch erst ab dem Zeitpunkt der Kenntnis einer konkreten Rechtsverletzung m\u00f6glich. Bei Bekanntwerden von entsprechenden Rechtsverletzungen werden wir diese Inhalte umgehend entfernen.<\/p>\n\n\n\n<p><strong>Haftung f\u00fcr Links<\/strong><br>Unser Angebot enth\u00e4lt Links zu externen Websites Dritter, auf deren Inhalte wir keinen Einfluss haben. Deshalb k\u00f6nnen wir f\u00fcr diese fremden Inhalte auch keine Gew\u00e4hr \u00fcbernehmen. F\u00fcr die Inhalte der verlinkten Seiten ist stets der jeweilige Anbieter oder Betreiber der Seiten verantwortlich. Die verlinkten Seiten wurden zum Zeitpunkt der Verlinkung auf m\u00f6gliche Rechtsverst\u00f6\u00dfe \u00fcberpr\u00fcft. Rechtswidrige Inhalte waren zum Zeitpunkt der Verlinkung nicht erkennbar. Eine permanente inhaltliche Kontrolle der verlinkten Seiten ist jedoch ohne konkrete Anhaltspunkte einer Rechtsverletzung nicht zumutbar. Bei Bekanntwerden von Rechtsverletzungen werden wir derartige Links umgehend entfernen.<\/p>\n\n\n\n<p><strong>Urheberrecht<\/strong><br>Die durch die Seitenbetreiber erstellten Inhalte und Werke auf diesen Seiten unterliegen dem deutschen Urheberrecht. Die Vervielf\u00e4ltigung, Bearbeitung, Verbreitung und jede Art der Verwertung au\u00dferhalb der Grenzen des Urheberrechtes bed\u00fcrfen der schriftlichen Zustimmung des jeweiligen Autors bzw. Erstellers. Downloads und Kopien dieser Seite sind nur f\u00fcr den privaten, nicht kommerziellen Gebrauch gestattet. Soweit die Inhalte auf dieser Seite nicht vom Betreiber erstellt wurden, werden die Urheberrechte Dritter beachtet. Insbesondere werden Inhalte Dritter als solche gekennzeichnet. Sollten Sie trotzdem auf eine Urheberrechtsverletzung aufmerksam werden, bitten wir um einen entsprechenden Hinweis. Bei Bekanntwerden von Rechtsverletzungen werden wir derartige Inhalte umgehend entfernen.<br>Quelle:&nbsp;<a href=\"https:\/\/www.e-recht24.de\/impressum-generator.html\">https:\/\/www.e-recht24.de\/impressum-generator.html<\/a><\/p>\n","protected":false},"excerpt":{"rendered":"<p>Impressum VeranstalterAngaben gem\u00e4\u00df \u00a7 5 TMG:Filmladen Kassel e. V.Goethestra\u00dfe 3134119 Kassel Vertreten durch:Irmhild Scheuer Kontakt:Telefon: +49 (0) 5617076432Telefax: +49 (0) 5617076433E-Mail: dokfest@kasselerdokfest.de Registereintrag:Eintragung im Vereinsregister.Registergericht: Amtsgericht KasselRegisternummer: VR 1591 Umsatzsteuer:Umsatzsteuer-Identifikationsnummer gem\u00e4\u00df \u00a727 a Umsatzsteuergesetz:DE 113092689 Berufsbezeichnung und berufsrechtliche RegelungenBerufsbezeichnung: anderer Beruf Verantwortlich f\u00fcr den Inhalt nach \u00a7 55 Abs. 2 RStV:Franziska Pappert, Husein Bastouni Haftung &hellip; <\/p>\n<p class=\"link-more\"><a href=\"https:\/\/hhft.info\/2022\/impressum\/\" class=\"more-link\"><span class=\"screen-reader-text\">\u201eImpressum\u201c<\/span> weiterlesen<\/a><\/p>\n","protected":false},"author":1,"featured_media":0,"parent":0,"menu_order":0,"comment_status":"closed","ping_status":"closed","template":"","meta":[],"yoast_head":"<!-- This site is optimized with the Yoast SEO plugin v16.6 - https:\/\/yoast.com\/wordpress\/plugins\/seo\/ -->\n<title>Impressum - Hessischer Hochschulfilmtag 2025<\/title>\n<meta name=\"description\" content=\"11. Hessischer Hochschulfilmtag am 19. November 2020 in Kassel. Jetzt einreichen\" \/>\n<meta name=\"robots\" content=\"index, follow, max-snippet:-1, max-image-preview:large, max-video-preview:-1\" \/>\n<link rel=\"canonical\" href=\"https:\/\/hhft.info\/2022\/impressum\/\" \/>\n<meta property=\"og:locale\" content=\"de_DE\" \/>\n<meta property=\"og:type\" content=\"article\" \/>\n<meta property=\"og:title\" content=\"Impressum - Hessischer Hochschulfilmtag 2025\" \/>\n<meta property=\"og:description\" content=\"11. Hessischer Hochschulfilmtag am 19. November 2020 in Kassel. Jetzt einreichen\" \/>\n<meta property=\"og:url\" content=\"https:\/\/hhft.info\/2022\/impressum\/\" \/>\n<meta property=\"og:site_name\" content=\"Hessischer Hochschulfilmtag 2025\" \/>\n<meta property=\"article:modified_time\" content=\"2024-06-11T07:55:26+00:00\" \/>\n<meta name=\"twitter:card\" content=\"summary_large_image\" \/>\n<meta name=\"twitter:label1\" content=\"Gesch\u00e4tzte Lesezeit\" \/>\n\t<meta name=\"twitter:data1\" content=\"2 Minuten\" \/>\n<script type=\"application\/ld+json\" class=\"yoast-schema-graph\">{\"@context\":\"https:\/\/schema.org\",\"@graph\":[{\"@type\":\"Organization\",\"@id\":\"https:\/\/hhft.info\/2022\/#organization\",\"name\":\"Hessischer Hochschulfilmtag 2020 - 11. HHFT\",\"url\":\"https:\/\/hhft.info\/2022\/\",\"sameAs\":[],\"logo\":{\"@type\":\"ImageObject\",\"@id\":\"https:\/\/hhft.info\/2022\/#logo\",\"inLanguage\":\"de-DE\",\"url\":\"https:\/\/hhft.info\/2020\/wp-content\/uploads\/2020\/06\/logo2.png\",\"contentUrl\":\"https:\/\/hhft.info\/2020\/wp-content\/uploads\/2020\/06\/logo2.png\",\"width\":700,\"height\":700,\"caption\":\"Hessischer Hochschulfilmtag 2020 - 11. HHFT\"},\"image\":{\"@id\":\"https:\/\/hhft.info\/2022\/#logo\"}},{\"@type\":\"WebSite\",\"@id\":\"https:\/\/hhft.info\/2022\/#website\",\"url\":\"https:\/\/hhft.info\/2022\/\",\"name\":\"Hessischer Hochschulfilmtag 2020 - 11. HHFT\",\"description\":\"\",\"publisher\":{\"@id\":\"https:\/\/hhft.info\/2022\/#organization\"},\"potentialAction\":[{\"@type\":\"SearchAction\",\"target\":{\"@type\":\"EntryPoint\",\"urlTemplate\":\"https:\/\/hhft.info\/2022\/?s={search_term_string}\"},\"query-input\":\"required name=search_term_string\"}],\"inLanguage\":\"de-DE\"},{\"@type\":\"WebPage\",\"@id\":\"https:\/\/hhft.info\/2022\/impressum\/#webpage\",\"url\":\"https:\/\/hhft.info\/2022\/impressum\/\",\"name\":\"Impressum - Hessischer Hochschulfilmtag 2025\",\"isPartOf\":{\"@id\":\"https:\/\/hhft.info\/2022\/#website\"},\"datePublished\":\"2020-06-24T11:04:18+00:00\",\"dateModified\":\"2024-06-11T07:55:26+00:00\",\"description\":\"11. Hessischer Hochschulfilmtag am 19. November 2020 in Kassel. Jetzt einreichen\",\"breadcrumb\":{\"@id\":\"https:\/\/hhft.info\/2022\/impressum\/#breadcrumb\"},\"inLanguage\":\"de-DE\",\"potentialAction\":[{\"@type\":\"ReadAction\",\"target\":[\"https:\/\/hhft.info\/2022\/impressum\/\"]}]},{\"@type\":\"BreadcrumbList\",\"@id\":\"https:\/\/hhft.info\/2022\/impressum\/#breadcrumb\",\"itemListElement\":[{\"@type\":\"ListItem\",\"position\":1,\"name\":\"Startseite\",\"item\":\"https:\/\/hhft.info\/2022\/\"},{\"@type\":\"ListItem\",\"position\":2,\"name\":\"Impressum\"}]}]}<\/script>\n<!-- \/ Yoast SEO plugin. -->","_links":{"self":[{"href":"https:\/\/hhft.info\/2022\/wp-json\/wp\/v2\/pages\/375"}],"collection":[{"href":"https:\/\/hhft.info\/2022\/wp-json\/wp\/v2\/pages"}],"about":[{"href":"https:\/\/hhft.info\/2022\/wp-json\/wp\/v2\/types\/page"}],"author":[{"embeddable":true,"href":"https:\/\/hhft.info\/2022\/wp-json\/wp\/v2\/users\/1"}],"replies":[{"embeddable":true,"href":"https:\/\/hhft.info\/2022\/wp-json\/wp\/v2\/comments?post=375"}],"version-history":[{"count":8,"href":"https:\/\/hhft.info\/2022\/wp-json\/wp\/v2\/pages\/375\/revisions"}],"predecessor-version":[{"id":1488,"href":"https:\/\/hhft.info\/2022\/wp-json\/wp\/v2\/pages\/375\/revisions\/1488"}],"wp:attachment":[{"href":"https:\/\/hhft.info\/2022\/wp-json\/wp\/v2\/media?parent=375"}],"curies":[{"name":"wp","href":"https:\/\/api.w.org\/{rel}","templated":true}]}}